{"id":69,"date":"2024-04-03T22:44:55","date_gmt":"2024-04-03T21:44:55","guid":{"rendered":"https:\/\/kutatoklub.ro\/?page_id=69"},"modified":"2024-09-19T13:49:09","modified_gmt":"2024-09-19T10:49:09","slug":"tagok","status":"publish","type":"page","link":"https:\/\/kutatoklub.ro\/?page_id=69","title":{"rendered":"Tagok"},"content":{"rendered":"\n<h2 class=\"wp-block-heading has-text-align-center\">Koordin\u00e1torok<\/h2>\n\n\n\n<div style=\"height:30px\" aria-hidden=\"true\" class=\"wp-block-spacer\"><\/div>\n\n\n\t\t<div class=\"wpb-our-team-members wpb-our-team-members-skin-default  wpb_otm_row\">\n\n\t\t\t\t\t\t\t<div class=\"wpb-team-default-item  wpb_otm_col-md-4 wpb_otm_col-sm-6  post-416 wpb_team_members type-wpb_team_members status-publish has-post-thumbnail hentry wpb_team_member_category-koordinatorok\">\n\n\t\t\t\t\t\n<div class=\"team-item wpb_otm_single-member\">\t\n\t<div class=\"image\" style=\"background-image: url(https:\/\/kutatoklub.ro\/wp-content\/uploads\/2024\/05\/AI1.png);\">\n\t\t\t<\/div>\n\t<h5>Benedek Botond<\/h5>\t\t\t\t<div class=\"social-buttons\">\n\t\t\t<ul class=\"social-links\">\n            \t<li><a href=\"https:\/\/www.linkedin.com\/in\/botond-benedek-295048238\/\"><i class=\"fa fa-linkedin\"><\/i><\/a><\/li>\t\t\t<\/ul>\n\t\t<\/div>\n\t<\/div>\n\n\t\t\t\t<\/div>\n\n\t\t\t\t\t\t\t<div class=\"wpb-team-default-item  wpb_otm_col-md-4 wpb_otm_col-sm-6  post-135 wpb_team_members type-wpb_team_members status-publish has-post-thumbnail hentry wpb_team_member_category-koordinatorok\">\n\n\t\t\t\t\t\n<div class=\"team-item wpb_otm_single-member\">\t\n\t<div class=\"image\" style=\"background-image: url(https:\/\/kutatoklub.ro\/wp-content\/uploads\/2024\/04\/Ani.jpg);\">\n\t\t\t<\/div>\n\t<h5>D\u00e9zsi-Benyovszki Annam\u00e1ria<\/h5>\t\t\t\t<div class=\"social-buttons\">\n\t\t\t<ul class=\"social-links\">\n            \t<li><a href=\"https:\/\/ro.linkedin.com\/in\/annam%C3%A1ria-d%C3%A9zsi-benyovszki-93b1505b\"><i class=\"fa fa-linkedin\"><\/i><\/a><\/li>\t\t\t<\/ul>\n\t\t<\/div>\n\t<\/div>\n\n\t\t\t\t<\/div>\n\n\t\t\t\t\t\t\t<div class=\"wpb-team-default-item  wpb_otm_col-md-4 wpb_otm_col-sm-6  post-134 wpb_team_members type-wpb_team_members status-publish has-post-thumbnail hentry wpb_team_member_category-koordinatorok\">\n\n\t\t\t\t\t\n<div class=\"team-item wpb_otm_single-member\">\t\n\t<div class=\"image\" style=\"background-image: url(https:\/\/kutatoklub.ro\/wp-content\/uploads\/2024\/04\/Petra.jpg);\">\n\t\t\t<\/div>\n\t<h5>Szab\u00f3 T\u00fcnde Petra<\/h5>\t\t\t\t<div class=\"social-buttons\">\n\t\t\t<ul class=\"social-links\">\n            \t<li><a href=\"https:\/\/ro.linkedin.com\/in\/t%C3%BCnde-petra-szab%C3%B3-b101505b\"><i class=\"fa fa-linkedin\"><\/i><\/a><\/li>\t\t\t<\/ul>\n\t\t<\/div>\n\t<\/div>\n\n\t\t\t\t<\/div>\n\n\t\t\t\n\t\t\t\n\t\t<\/div>\n\t\n\n\n\n<h2 class=\"wp-block-heading has-text-align-center\">Junior koordin\u00e1torok<\/h2>\n\n\n\n<div style=\"height:30px\" aria-hidden=\"true\" class=\"wp-block-spacer\"><\/div>\n\n\n\t\t<div class=\"wpb-our-team-members wpb-our-team-members-skin-default  wpb_otm_row\">\n\n\t\t\t\t\t\t\t<div class=\"wpb-team-default-item  wpb_otm_col-md-4 wpb_otm_col-sm-6  post-377 wpb_team_members type-wpb_team_members status-publish has-post-thumbnail hentry wpb_team_member_category-junior_koordinatorok\">\n\n\t\t\t\t\t\n<div class=\"team-item wpb_otm_single-member\">\t\n\t<div class=\"image\" style=\"background-image: url(https:\/\/kutatoklub.ro\/wp-content\/uploads\/2024\/05\/Emoke-1.jpg);\">\n\t\t\t<\/div>\n\t<h5>S\u00e1ndor Em\u0151ke<\/h5>\t\t\t\t<div class=\"social-buttons\">\n\t\t\t<ul class=\"social-links\">\n            \t<li><a href=\"https:\/\/www.linkedin.com\/in\/s%C3%A1ndor-em%C5%91ke-102838309\/\"><i class=\"fa fa-linkedin\"><\/i><\/a><\/li>\t\t\t<\/ul>\n\t\t<\/div>\n\t<\/div>\n\n\t\t\t\t<\/div>\n\n\t\t\t\n\t\t\t\n\t\t<\/div>\n\t\n\n\n\n<h2 class=\"wp-block-heading has-text-align-center\">Szenior tagok<\/h2>\n\n\n\n<div style=\"height:30px\" aria-hidden=\"true\" class=\"wp-block-spacer\"><\/div>\n\n\n\t\t<div class=\"wpb-our-team-members wpb-our-team-members-skin-default  wpb_otm_row\">\n\n\t\t\t\t\t\t\t<div class=\"wpb-team-default-item  wpb_otm_col-md-4 wpb_otm_col-sm-6  post-470 wpb_team_members type-wpb_team_members status-publish has-post-thumbnail hentry wpb_team_member_category-szenior\">\n\n\t\t\t\t\t\n<div class=\"team-item wpb_otm_single-member\">\t\n\t<div class=\"image\" style=\"background-image: url(https:\/\/kutatoklub.ro\/wp-content\/uploads\/2024\/06\/Gall_Botond.jpg);\">\n\t\t\t<\/div>\n\t<h5>G\u00e1ll Botond<\/h5>\t\t\t\t<div class=\"social-buttons\">\n\t\t\t<ul class=\"social-links\">\n            \t<li><a href=\"https:\/\/www.linkedin.com\/in\/botond-g%C3%A1ll-922492298\/\"><i class=\"fa fa-linkedin\"><\/i><\/a><\/li>\t\t\t<\/ul>\n\t\t<\/div>\n\t<\/div>\n\n\t\t\t\t<\/div>\n\n\t\t\t\t\t\t\t<div class=\"wpb-team-default-item  wpb_otm_col-md-4 wpb_otm_col-sm-6  post-486 wpb_team_members type-wpb_team_members status-publish has-post-thumbnail hentry wpb_team_member_category-szenior\">\n\n\t\t\t\t\t\n<div class=\"team-item wpb_otm_single-member\">\t\n\t<div class=\"image\" style=\"background-image: url(https:\/\/kutatoklub.ro\/wp-content\/uploads\/2024\/09\/Anita.jpg);\">\n\t\t\t<\/div>\n\t<h5>J\u00e9re Anita<\/h5>\t\t\t\t<div class=\"social-buttons\">\n\t\t\t<ul class=\"social-links\">\n            \t<li><a href=\"#\"><i class=\"fa fa-linkedin\"><\/i><\/a><\/li>\t\t\t<\/ul>\n\t\t<\/div>\n\t<\/div>\n\n\t\t\t\t<\/div>\n\n\t\t\t\t\t\t\t<div class=\"wpb-team-default-item  wpb_otm_col-md-4 wpb_otm_col-sm-6  post-372 wpb_team_members type-wpb_team_members status-publish has-post-thumbnail hentry wpb_team_member_category-szenior\">\n\n\t\t\t\t\t\n<div class=\"team-item wpb_otm_single-member\">\t\n\t<div class=\"image\" style=\"background-image: url(https:\/\/kutatoklub.ro\/wp-content\/uploads\/2024\/05\/Edina.jpeg);\">\n\t\t\t<\/div>\n\t<h5>Kov\u00e1cs Edina<\/h5>\t\t\t\t<div class=\"social-buttons\">\n\t\t\t<ul class=\"social-links\">\n            \t<li><a href=\"#\"><i class=\"fa fa-linkedin\"><\/i><\/a><\/li>\t\t\t<\/ul>\n\t\t<\/div>\n\t<\/div>\n\n\t\t\t\t<\/div>\n\n\t\t\t\t\t\t\t<div class=\"wpb-team-default-item  wpb_otm_col-md-4 wpb_otm_col-sm-6  post-477 wpb_team_members type-wpb_team_members status-publish has-post-thumbnail hentry wpb_team_member_category-szenior\">\n\n\t\t\t\t\t\n<div class=\"team-item wpb_otm_single-member\">\t\n\t<div class=\"image\" style=\"background-image: url(https:\/\/kutatoklub.ro\/wp-content\/uploads\/2024\/06\/Lori.jpg);\">\n\t\t\t<\/div>\n\t<h5>Nagy Lor\u00e1nd<\/h5>\t\t\t\t<div class=\"social-buttons\">\n\t\t\t<ul class=\"social-links\">\n            \t<li><a href=\"\"><i class=\"fa fa-linkedin\"><\/i><\/a><\/li>\t\t\t<\/ul>\n\t\t<\/div>\n\t<\/div>\n\n\t\t\t\t<\/div>\n\n\t\t\t\n\t\t\t\n\t\t<\/div>\n\t\n\n\n\n<h2 class=\"wp-block-heading has-text-align-center\">Junior tagok<\/h2>\n\n\n\n<div style=\"height:30px\" aria-hidden=\"true\" class=\"wp-block-spacer\"><\/div>\n\n\n\t\t<div class=\"wpb-our-team-members wpb-our-team-members-skin-default  wpb_otm_row\">\n\n\t\t\t\t\t\t\t<div class=\"wpb-team-default-item  wpb_otm_col-md-4 wpb_otm_col-sm-6  post-593 wpb_team_members type-wpb_team_members status-publish has-post-thumbnail hentry wpb_team_member_category-junior\">\n\n\t\t\t\t\t\n<div class=\"team-item wpb_otm_single-member\">\t\n\t<div class=\"image\" style=\"background-image: url(https:\/\/kutatoklub.ro\/wp-content\/uploads\/2025\/09\/Krisztian.jpg);\">\n\t\t\t<\/div>\n\t<h5>Bal\u00e1zs Kriszti\u00e1n<\/h5>\t\t\t\t<div class=\"social-buttons\">\n\t\t\t<ul class=\"social-links\">\n            \t<li><a href=\"https:\/\/www.linkedin.com\/in\/kriszti%C3%A1n-bal%C3%A1zs-049aa7336\/\"><i class=\"fa fa-linkedin\"><\/i><\/a><\/li>\t\t\t<\/ul>\n\t\t<\/div>\n\t<\/div>\n\n\t\t\t\t<\/div>\n\n\t\t\t\t\t\t\t<div class=\"wpb-team-default-item  wpb_otm_col-md-4 wpb_otm_col-sm-6  post-583 wpb_team_members type-wpb_team_members status-publish has-post-thumbnail hentry wpb_team_member_category-junior\">\n\n\t\t\t\t\t\n<div class=\"team-item wpb_otm_single-member\">\t\n\t<div class=\"image\" style=\"background-image: url(https:\/\/kutatoklub.ro\/wp-content\/uploads\/2025\/05\/Dudas.jpg);\">\n\t\t\t<\/div>\n\t<h5>Dud\u00e1s Hunor<\/h5>\t\t\t\t<div class=\"social-buttons\">\n\t\t\t<ul class=\"social-links\">\n            \t<li><a href=\"https:\/\/www.linkedin.com\/in\/hunor-dud%C3%A1s-a84489332\/\"><i class=\"fa fa-linkedin\"><\/i><\/a><\/li>\t\t\t<\/ul>\n\t\t<\/div>\n\t<\/div>\n\n\t\t\t\t<\/div>\n\n\t\t\t\t\t\t\t<div class=\"wpb-team-default-item  wpb_otm_col-md-4 wpb_otm_col-sm-6  post-582 wpb_team_members type-wpb_team_members status-publish has-post-thumbnail hentry wpb_team_member_category-junior\">\n\n\t\t\t\t\t\n<div class=\"team-item wpb_otm_single-member\">\t\n\t<div class=\"image\" style=\"background-image: url(https:\/\/kutatoklub.ro\/wp-content\/uploads\/2025\/05\/Vivien.jpg);\">\n\t\t\t<\/div>\n\t<h5>F\u00fcl\u00f6p T\u00edmea Vivien<\/h5>\t\t\t\t<div class=\"social-buttons\">\n\t\t\t<ul class=\"social-links\">\n            \t<li><a href=\"https:\/\/www.linkedin.com\/in\/timea-vivien-f%C3%BCl%C3%B6p-9164bb367\/\"><i class=\"fa fa-linkedin\"><\/i><\/a><\/li>\t\t\t<\/ul>\n\t\t<\/div>\n\t<\/div>\n\n\t\t\t\t<\/div>\n\n\t\t\t\t\t\t\t<div class=\"wpb-team-default-item  wpb_otm_col-md-4 wpb_otm_col-sm-6  post-584 wpb_team_members type-wpb_team_members status-publish has-post-thumbnail hentry wpb_team_member_category-junior\">\n\n\t\t\t\t\t\n<div class=\"team-item wpb_otm_single-member\">\t\n\t<div class=\"image\" style=\"background-image: url(https:\/\/kutatoklub.ro\/wp-content\/uploads\/2025\/05\/Berni.jpeg);\">\n\t\t\t<\/div>\n\t<h5>G\u00e1ll Bernadett<\/h5>\t\t\t\t<div class=\"social-buttons\">\n\t\t\t<ul class=\"social-links\">\n            \t<li><a href=\"https:\/\/www.linkedin.com\/in\/bernadett-g%C3%A1ll\/\"><i class=\"fa fa-linkedin\"><\/i><\/a><\/li>\t\t\t<\/ul>\n\t\t<\/div>\n\t<\/div>\n\n\t\t\t\t<\/div>\n\n\t\t\t\n\t\t\t\n\t\t<\/div>\n\t\n\n\n\n<h2 class=\"wp-block-heading has-text-align-center\">Alumni tagok<\/h2>\n\n\n\n<div style=\"height:30px\" aria-hidden=\"true\" class=\"wp-block-spacer\"><\/div>\n\n\n\t\t<div class=\"wpb-our-team-members wpb-our-team-members-skin-default  wpb_otm_row\">\n\n\t\t\t\t\t\t\t<div class=\"wpb-team-default-item  wpb_otm_col-md-4 wpb_otm_col-sm-6  post-173 wpb_team_members type-wpb_team_members status-publish has-post-thumbnail hentry wpb_team_member_category-alumni\">\n\n\t\t\t\t\t\n<div class=\"team-item wpb_otm_single-member\">\t\n\t<div class=\"image\" style=\"background-image: url(https:\/\/kutatoklub.ro\/wp-content\/uploads\/2024\/05\/Andras.jpeg);\">\n\t\t\t<\/div>\n\t<h5>Antal Andr\u00e1s<\/h5>\t\t\t\t<div class=\"social-buttons\">\n\t\t\t<ul class=\"social-links\">\n            \t<li><a href=\"https:\/\/www.linkedin.com\/in\/andr%C3%A1s-antal-362090203\/\"><i class=\"fa fa-linkedin\"><\/i><\/a><\/li>\t\t\t<\/ul>\n\t\t<\/div>\n\t<\/div>\n\n\t\t\t\t<\/div>\n\n\t\t\t\t\t\t\t<div class=\"wpb-team-default-item  wpb_otm_col-md-4 wpb_otm_col-sm-6  post-371 wpb_team_members type-wpb_team_members status-publish has-post-thumbnail hentry wpb_team_member_category-alumni\">\n\n\t\t\t\t\t\n<div class=\"team-item wpb_otm_single-member\">\t\n\t<div class=\"image\" style=\"background-image: url(https:\/\/kutatoklub.ro\/wp-content\/uploads\/2024\/05\/Eszter.jpeg);\">\n\t\t\t<\/div>\n\t<h5>Bord\u00e1s Eszter<\/h5>\t\t\t\t<div class=\"social-buttons\">\n\t\t\t<ul class=\"social-links\">\n            \t<li><a href=\"https:\/\/www.linkedin.com\/in\/eszterbordas\/\"><i class=\"fa fa-linkedin\"><\/i><\/a><\/li>\t\t\t<\/ul>\n\t\t<\/div>\n\t<\/div>\n\n\t\t\t\t<\/div>\n\n\t\t\t\t\t\t\t<div class=\"wpb-team-default-item  wpb_otm_col-md-4 wpb_otm_col-sm-6  post-379 wpb_team_members type-wpb_team_members status-publish has-post-thumbnail hentry wpb_team_member_category-alumni\">\n\n\t\t\t\t\t\n<div class=\"team-item wpb_otm_single-member\">\t\n\t<div class=\"image\" style=\"background-image: url(https:\/\/kutatoklub.ro\/wp-content\/uploads\/2024\/05\/Doci-Heni.jpeg);\">\n\t\t\t<\/div>\n\t<h5>D\u00f3czi Henrietta<\/h5>\t\t\t\t<div class=\"social-buttons\">\n\t\t\t<ul class=\"social-links\">\n            \t<li><a href=\"https:\/\/www.linkedin.com\/in\/henrietta-hetyey-d%C3%B3czi-26064079\/\"><i class=\"fa fa-linkedin\"><\/i><\/a><\/li>\t\t\t<\/ul>\n\t\t<\/div>\n\t<\/div>\n\n\t\t\t\t<\/div>\n\n\t\t\t\t\t\t\t<div class=\"wpb-team-default-item  wpb_otm_col-md-4 wpb_otm_col-sm-6  post-385 wpb_team_members type-wpb_team_members status-publish has-post-thumbnail hentry wpb_team_member_category-alumni\">\n\n\t\t\t\t\t\n<div class=\"team-item wpb_otm_single-member\">\t\n\t<div class=\"image\" style=\"background-image: url(https:\/\/kutatoklub.ro\/wp-content\/uploads\/2024\/05\/Erdelyi-Attila.jpeg);\">\n\t\t\t<\/div>\n\t<h5>Erd\u00e9ly Attila<\/h5>\t\t\t\t<div class=\"social-buttons\">\n\t\t\t<ul class=\"social-links\">\n            \t<li><a href=\"https:\/\/www.linkedin.com\/in\/attilaerdely\/\"><i class=\"fa fa-linkedin\"><\/i><\/a><\/li>\t\t\t<\/ul>\n\t\t<\/div>\n\t<\/div>\n\n\t\t\t\t<\/div>\n\n\t\t\t\t\t\t\t<div class=\"wpb-team-default-item  wpb_otm_col-md-4 wpb_otm_col-sm-6  post-386 wpb_team_members type-wpb_team_members status-publish has-post-thumbnail hentry wpb_team_member_category-alumni\">\n\n\t\t\t\t\t\n<div class=\"team-item wpb_otm_single-member\">\t\n\t<div class=\"image\" style=\"background-image: url(https:\/\/kutatoklub.ro\/wp-content\/uploads\/2024\/05\/Farkas-Dalma.jpeg);\">\n\t\t\t<\/div>\n\t<h5>Farkas Dalma Zsuzsa<\/h5>\t\t\t\t<div class=\"social-buttons\">\n\t\t\t<ul class=\"social-links\">\n            \t<li><a href=\"https:\/\/www.linkedin.com\/in\/dalma-velich-3612a965\/\"><i class=\"fa fa-linkedin\"><\/i><\/a><\/li>\t\t\t<\/ul>\n\t\t<\/div>\n\t<\/div>\n\n\t\t\t\t<\/div>\n\n\t\t\t\t\t\t\t<div class=\"wpb-team-default-item  wpb_otm_col-md-4 wpb_otm_col-sm-6  post-387 wpb_team_members type-wpb_team_members status-publish has-post-thumbnail hentry wpb_team_member_category-alumni\">\n\n\t\t\t\t\t\n<div class=\"team-item wpb_otm_single-member\">\t\n\t<div class=\"image\" style=\"background-image: url(https:\/\/kutatoklub.ro\/wp-content\/uploads\/2024\/05\/Eva.jpg);\">\n\t\t\t<\/div>\n\t<h5>Felfalusi \u00c9va<\/h5>\t\t\t\t<div class=\"social-buttons\">\n\t\t\t<ul class=\"social-links\">\n            \t<li><a href=\"https:\/\/www.linkedin.com\/in\/siko-eva-50427714a\/\"><i class=\"fa fa-linkedin\"><\/i><\/a><\/li>\t\t\t<\/ul>\n\t\t<\/div>\n\t<\/div>\n\n\t\t\t\t<\/div>\n\n\t\t\t\t\t\t\t<div class=\"wpb-team-default-item  wpb_otm_col-md-4 wpb_otm_col-sm-6  post-400 wpb_team_members type-wpb_team_members status-publish has-post-thumbnail hentry wpb_team_member_category-alumni\">\n\n\t\t\t\t\t\n<div class=\"team-item wpb_otm_single-member\">\t\n\t<div class=\"image\" style=\"background-image: url(https:\/\/kutatoklub.ro\/wp-content\/uploads\/2024\/05\/Furdek-Balazs.jpeg);\">\n\t\t\t<\/div>\n\t<h5>Furdek Bal\u00e1zs<\/h5>\t\t\t\t<div class=\"social-buttons\">\n\t\t\t<ul class=\"social-links\">\n            \t<li><a href=\"https:\/\/www.linkedin.com\/in\/bal%C3%A1zs-furdek-a882a377\/\"><i class=\"fa fa-linkedin\"><\/i><\/a><\/li>\t\t\t<\/ul>\n\t\t<\/div>\n\t<\/div>\n\n\t\t\t\t<\/div>\n\n\t\t\t\t\t\t\t<div class=\"wpb-team-default-item  wpb_otm_col-md-4 wpb_otm_col-sm-6  post-169 wpb_team_members type-wpb_team_members status-publish has-post-thumbnail hentry wpb_team_member_category-alumni\">\n\n\t\t\t\t\t\n<div class=\"team-item wpb_otm_single-member\">\t\n\t<div class=\"image\" style=\"background-image: url(https:\/\/kutatoklub.ro\/wp-content\/uploads\/2024\/05\/Niki.jpeg);\">\n\t\t\t<\/div>\n\t<h5>Joita Nicoleta<\/h5>\t\t\t\t<div class=\"social-buttons\">\n\t\t\t<ul class=\"social-links\">\n            \t<li><a href=\"https:\/\/www.linkedin.com\/in\/nicoleta-joita-0177ab24\/\"><i class=\"fa fa-linkedin\"><\/i><\/a><\/li>\t\t\t<\/ul>\n\t\t<\/div>\n\t<\/div>\n\n\t\t\t\t<\/div>\n\n\t\t\t\t\t\t\t<div class=\"wpb-team-default-item  wpb_otm_col-md-4 wpb_otm_col-sm-6  post-405 wpb_team_members type-wpb_team_members status-publish has-post-thumbnail hentry wpb_team_member_category-alumni\">\n\n\t\t\t\t\t\n<div class=\"team-item wpb_otm_single-member\">\t\n\t<div class=\"image\" style=\"background-image: url(https:\/\/kutatoklub.ro\/wp-content\/uploads\/2024\/05\/Karsai-Zoltan.jpeg);\">\n\t\t\t<\/div>\n\t<h5>Karsai Zolt\u00e1n<\/h5>\t\t\t\t<div class=\"social-buttons\">\n\t\t\t<ul class=\"social-links\">\n            \t<li><a href=\"https:\/\/www.linkedin.com\/in\/zoltan-krisztian-karsai-ba150798\/\"><i class=\"fa fa-linkedin\"><\/i><\/a><\/li>\t\t\t<\/ul>\n\t\t<\/div>\n\t<\/div>\n\n\t\t\t\t<\/div>\n\n\t\t\t\t\t\t\t<div class=\"wpb-team-default-item  wpb_otm_col-md-4 wpb_otm_col-sm-6  post-476 wpb_team_members type-wpb_team_members status-publish has-post-thumbnail hentry wpb_team_member_category-alumni\">\n\n\t\t\t\t\t\n<div class=\"team-item wpb_otm_single-member\">\t\n\t<div class=\"image\" style=\"background-image: url(https:\/\/kutatoklub.ro\/wp-content\/uploads\/2024\/06\/Peter.jpg);\">\n\t\t\t<\/div>\n\t<h5>Kiss P\u00e9ter<\/h5>\t\t\t\t<div class=\"social-buttons\">\n\t\t\t<ul class=\"social-links\">\n            \t<li><a href=\"#\"><i class=\"fa fa-linkedin\"><\/i><\/a><\/li>\t\t\t<\/ul>\n\t\t<\/div>\n\t<\/div>\n\n\t\t\t\t<\/div>\n\n\t\t\t\t\t\t\t<div class=\"wpb-team-default-item  wpb_otm_col-md-4 wpb_otm_col-sm-6  post-406 wpb_team_members type-wpb_team_members status-publish has-post-thumbnail hentry wpb_team_member_category-alumni\">\n\n\t\t\t\t\t\n<div class=\"team-item wpb_otm_single-member\">\t\n\t<div class=\"image\" style=\"background-image: url(https:\/\/kutatoklub.ro\/wp-content\/uploads\/2024\/05\/Knock-Renata.jpeg);\">\n\t\t\t<\/div>\n\t<h5>Knoch Ren\u00e1ta<\/h5>\t\t\t\t<div class=\"social-buttons\">\n\t\t\t<ul class=\"social-links\">\n            \t<li><a href=\"https:\/\/www.linkedin.com\/in\/knoch-renata-kinga-maternity-leave-0301a999\/\"><i class=\"fa fa-linkedin\"><\/i><\/a><\/li>\t\t\t<\/ul>\n\t\t<\/div>\n\t<\/div>\n\n\t\t\t\t<\/div>\n\n\t\t\t\t\t\t\t<div class=\"wpb-team-default-item  wpb_otm_col-md-4 wpb_otm_col-sm-6  post-172 wpb_team_members type-wpb_team_members status-publish has-post-thumbnail hentry wpb_team_member_category-alumni\">\n\n\t\t\t\t\t\n<div class=\"team-item wpb_otm_single-member\">\t\n\t<div class=\"image\" style=\"background-image: url(https:\/\/kutatoklub.ro\/wp-content\/uploads\/2024\/05\/Laci.jpeg);\">\n\t\t\t<\/div>\n\t<h5>K\u00fcrti L\u00e1szl\u00f3<\/h5>\t\t\t\t<div class=\"social-buttons\">\n\t\t\t<ul class=\"social-links\">\n            \t<li><a href=\"https:\/\/www.linkedin.com\/in\/l%C3%A1szl%C3%B3-k%C3%BCrti-frm-302190101\/\"><i class=\"fa fa-linkedin\"><\/i><\/a><\/li>\t\t\t<\/ul>\n\t\t<\/div>\n\t<\/div>\n\n\t\t\t\t<\/div>\n\n\t\t\t\t\t\t\t<div class=\"wpb-team-default-item  wpb_otm_col-md-4 wpb_otm_col-sm-6  post-373 wpb_team_members type-wpb_team_members status-publish has-post-thumbnail hentry wpb_team_member_category-alumni\">\n\n\t\t\t\t\t\n<div class=\"team-item wpb_otm_single-member\">\t\n\t<div class=\"image\" style=\"background-image: url(https:\/\/kutatoklub.ro\/wp-content\/uploads\/2024\/05\/Katika.jpeg);\">\n\t\t\t<\/div>\n\t<h5>Luk\u00e1cs Katalin<\/h5>\t\t\t\t<div class=\"social-buttons\">\n\t\t\t<ul class=\"social-links\">\n            \t<li><a href=\"#\"><i class=\"fa fa-linkedin\"><\/i><\/a><\/li>\t\t\t<\/ul>\n\t\t<\/div>\n\t<\/div>\n\n\t\t\t\t<\/div>\n\n\t\t\t\t\t\t\t<div class=\"wpb-team-default-item  wpb_otm_col-md-4 wpb_otm_col-sm-6  post-407 wpb_team_members type-wpb_team_members status-publish has-post-thumbnail hentry wpb_team_member_category-alumni\">\n\n\t\t\t\t\t\n<div class=\"team-item wpb_otm_single-member\">\t\n\t<div class=\"image\" style=\"background-image: url(https:\/\/kutatoklub.ro\/wp-content\/uploads\/2024\/05\/Marton-Noemi.jpeg);\">\n\t\t\t<\/div>\n\t<h5>Marton No\u00e9mi<\/h5>\t\t\t\t<div class=\"social-buttons\">\n\t\t\t<ul class=\"social-links\">\n            \t<li><a href=\"https:\/\/www.linkedin.com\/in\/no%C3%A9mi-kurucz-0770a7110\/\"><i class=\"fa fa-linkedin\"><\/i><\/a><\/li>\t\t\t<\/ul>\n\t\t<\/div>\n\t<\/div>\n\n\t\t\t\t<\/div>\n\n\t\t\t\t\t\t\t<div class=\"wpb-team-default-item  wpb_otm_col-md-4 wpb_otm_col-sm-6  post-489 wpb_team_members type-wpb_team_members status-publish has-post-thumbnail hentry wpb_team_member_category-alumni\">\n\n\t\t\t\t\t\n<div class=\"team-item wpb_otm_single-member\">\t\n\t<div class=\"image\" style=\"background-image: url(https:\/\/kutatoklub.ro\/wp-content\/uploads\/2024\/09\/Gabor.jpg);\">\n\t\t\t<\/div>\n\t<h5>Nagy Alfonz-G\u00e1bor<\/h5>\t\t\t\t<div class=\"social-buttons\">\n\t\t\t<ul class=\"social-links\">\n            \t<li><a href=\"https:\/\/www.linkedin.com\/in\/alfonz-gabor-nagy-\/\"><i class=\"fa fa-linkedin\"><\/i><\/a><\/li>\t\t\t<\/ul>\n\t\t<\/div>\n\t<\/div>\n\n\t\t\t\t<\/div>\n\n\t\t\t\t\t\t\t<div class=\"wpb-team-default-item  wpb_otm_col-md-4 wpb_otm_col-sm-6  post-168 wpb_team_members type-wpb_team_members status-publish has-post-thumbnail hentry wpb_team_member_category-alumni\">\n\n\t\t\t\t\t\n<div class=\"team-item wpb_otm_single-member\">\t\n\t<div class=\"image\" style=\"background-image: url(https:\/\/kutatoklub.ro\/wp-content\/uploads\/2024\/05\/Moni.jpg);\">\n\t\t\t<\/div>\n\t<h5>Oborocea M\u00f3nika<\/h5>\t\t\t\t<div class=\"social-buttons\">\n\t\t\t<ul class=\"social-links\">\n            \t<li><a href=\"https:\/\/www.linkedin.com\/in\/monika-oborocea\/\"><i class=\"fa fa-linkedin\"><\/i><\/a><\/li>\t\t\t<\/ul>\n\t\t<\/div>\n\t<\/div>\n\n\t\t\t\t<\/div>\n\n\t\t\t\t\t\t\t<div class=\"wpb-team-default-item  wpb_otm_col-md-4 wpb_otm_col-sm-6  post-408 wpb_team_members type-wpb_team_members status-publish has-post-thumbnail hentry wpb_team_member_category-alumni\">\n\n\t\t\t\t\t\n<div class=\"team-item wpb_otm_single-member\">\t\n\t<div class=\"image\" style=\"background-image: url(https:\/\/kutatoklub.ro\/wp-content\/uploads\/2024\/05\/Patka-Kinga.jpeg);\">\n\t\t\t<\/div>\n\t<h5>Patka Kinga<\/h5>\t\t\t\t<div class=\"social-buttons\">\n\t\t\t<ul class=\"social-links\">\n            \t<li><a href=\"https:\/\/www.linkedin.com\/in\/tiriteu-patka-kinga-6a9ba224\/\"><i class=\"fa fa-linkedin\"><\/i><\/a><\/li>\t\t\t<\/ul>\n\t\t<\/div>\n\t<\/div>\n\n\t\t\t\t<\/div>\n\n\t\t\t\t\t\t\t<div class=\"wpb-team-default-item  wpb_otm_col-md-4 wpb_otm_col-sm-6  post-413 wpb_team_members type-wpb_team_members status-publish has-post-thumbnail hentry wpb_team_member_category-alumni\">\n\n\t\t\t\t\t\n<div class=\"team-item wpb_otm_single-member\">\t\n\t<div class=\"image\" style=\"background-image: url(https:\/\/kutatoklub.ro\/wp-content\/uploads\/2024\/05\/Racz-Timea.jpeg);\">\n\t\t\t<\/div>\n\t<h5>R\u00e1cz T\u00edmea<\/h5>\t\t\t\t<div class=\"social-buttons\">\n\t\t\t<ul class=\"social-links\">\n            \t<li><a href=\"https:\/\/www.linkedin.com\/in\/t%C3%ADmea-r%C3%A1cz-9a990b81\/\"><i class=\"fa fa-linkedin\"><\/i><\/a><\/li>\t\t\t<\/ul>\n\t\t<\/div>\n\t<\/div>\n\n\t\t\t\t<\/div>\n\n\t\t\t\t\t\t\t<div class=\"wpb-team-default-item  wpb_otm_col-md-4 wpb_otm_col-sm-6  post-414 wpb_team_members type-wpb_team_members status-publish has-post-thumbnail hentry wpb_team_member_category-alumni\">\n\n\t\t\t\t\t\n<div class=\"team-item wpb_otm_single-member\">\t\n\t<div class=\"image\" style=\"background-image: url(https:\/\/kutatoklub.ro\/wp-content\/uploads\/2024\/05\/Suveg-Orsi1.jpg);\">\n\t\t\t<\/div>\n\t<h5>S\u00fcveg Orsolya<\/h5>\t\t\t\t<div class=\"social-buttons\">\n\t\t\t<ul class=\"social-links\">\n            \t<li><a href=\"#\"><i class=\"fa fa-linkedin\"><\/i><\/a><\/li>\t\t\t<\/ul>\n\t\t<\/div>\n\t<\/div>\n\n\t\t\t\t<\/div>\n\n\t\t\t\t\t\t\t<div class=\"wpb-team-default-item  wpb_otm_col-md-4 wpb_otm_col-sm-6  post-368 wpb_team_members type-wpb_team_members status-publish has-post-thumbnail hentry wpb_team_member_category-alumni\">\n\n\t\t\t\t\t\n<div class=\"team-item wpb_otm_single-member\">\t\n\t<div class=\"image\" style=\"background-image: url(https:\/\/kutatoklub.ro\/wp-content\/uploads\/2024\/05\/Zeteny.jpeg);\">\n\t\t\t<\/div>\n\t<h5>Szil\u00e1gyi-Nagy Z\u00e9t\u00e9ny<\/h5>\t\t\t\t<div class=\"social-buttons\">\n\t\t\t<ul class=\"social-links\">\n            \t<li><a href=\"https:\/\/www.linkedin.com\/in\/szil%C3%A1gyi-nagy-z%C3%A9t%C3%A9ny-a75818223\/\"><i class=\"fa fa-linkedin\"><\/i><\/a><\/li>\t\t\t<\/ul>\n\t\t<\/div>\n\t<\/div>\n\n\t\t\t\t<\/div>\n\n\t\t\t\t\t\t\t<div class=\"wpb-team-default-item  wpb_otm_col-md-4 wpb_otm_col-sm-6  post-415 wpb_team_members type-wpb_team_members status-publish has-post-thumbnail hentry wpb_team_member_category-alumni\">\n\n\t\t\t\t\t\n<div class=\"team-item wpb_otm_single-member\">\t\n\t<div class=\"image\" style=\"background-image: url(https:\/\/kutatoklub.ro\/wp-content\/uploads\/2024\/05\/Szodorai-Melinda.jpeg);\">\n\t\t\t<\/div>\n\t<h5>Szodorai Melinda<\/h5>\t\t\t\t<div class=\"social-buttons\">\n\t\t\t<ul class=\"social-links\">\n            \t<li><a href=\"https:\/\/www.linkedin.com\/in\/melinda-friesz-phd-732418161\/\"><i class=\"fa fa-linkedin\"><\/i><\/a><\/li>\t\t\t<\/ul>\n\t\t<\/div>\n\t<\/div>\n\n\t\t\t\t<\/div>\n\n\t\t\t\n\t\t\t\n\t\t<\/div>\n\t\n\n\n\n<div style=\"height:100px\" aria-hidden=\"true\" class=\"wp-block-spacer\"><\/div>\n","protected":false},"excerpt":{"rendered":"<p>Koordin\u00e1torok Junior koordin\u00e1torok Szenior tagok Junior tagok Alumni tagok<\/p>\n","protected":false},"author":1,"featured_media":0,"parent":0,"menu_order":0,"comment_status":"closed","ping_status":"closed","template":"","meta":{"footnotes":""},"_links":{"self":[{"href":"https:\/\/kutatoklub.ro\/index.php?rest_route=\/wp\/v2\/pages\/69"}],"collection":[{"href":"https:\/\/kutatoklub.ro\/index.php?rest_route=\/wp\/v2\/pages"}],"about":[{"href":"https:\/\/kutatoklub.ro\/index.php?rest_route=\/wp\/v2\/types\/page"}],"author":[{"embeddable":true,"href":"https:\/\/kutatoklub.ro\/index.php?rest_route=\/wp\/v2\/users\/1"}],"replies":[{"embeddable":true,"href":"https:\/\/kutatoklub.ro\/index.php?rest_route=%2Fwp%2Fv2%2Fcomments&post=69"}],"version-history":[{"count":14,"href":"https:\/\/kutatoklub.ro\/index.php?rest_route=\/wp\/v2\/pages\/69\/revisions"}],"predecessor-version":[{"id":485,"href":"https:\/\/kutatoklub.ro\/index.php?rest_route=\/wp\/v2\/pages\/69\/revisions\/485"}],"wp:attachment":[{"href":"https:\/\/kutatoklub.ro\/index.php?rest_route=%2Fwp%2Fv2%2Fmedia&parent=69"}],"curies":[{"name":"wp","href":"https:\/\/api.w.org\/{rel}","templated":true}]}}