{"id":71,"date":"2024-04-03T22:44:55","date_gmt":"2024-04-03T21:44:55","guid":{"rendered":"https:\/\/kutatoklub.ro\/?page_id=71"},"modified":"2025-08-24T23:51:12","modified_gmt":"2025-08-24T20:51:12","slug":"felveteli","status":"publish","type":"page","link":"https:\/\/kutatoklub.ro\/?page_id=71","title":{"rendered":"Felv\u00e9teli 2025"},"content":{"rendered":"\n<p><\/p>\n\n\n\n<p>Ha a K\u00f6zg\u00e1z m\u00e1sod\u00e9ves, harmad\u00e9ves vagy mesteris hallgat\u00f3ja leszel a 2025\/2026-os tan\u00e9vben, \u00e9s \u00e9rdekel a kutat\u00e1s vil\u00e1ga, akkor itt az alkalom: jelentkezz a <strong>kolozsv\u00e1ri K\u00f6zgazdas\u00e1gi Kutat\u00f3 Klubba!<\/strong><\/p>\n\n\n\n<p>Az adat a j\u00f6v\u0151 valut\u00e1ja \u2013 n\u00e1lunk megtanulod, hogyan lehet \u201eokosan befektetni\u201d benne. N\u00e1lunk gyakorlati tud\u00e1sra teszel szert az adatgy\u0171jt\u00e9s, -tiszt\u00edt\u00e1s, \u00e9s -elemz\u00e9s ter\u00e9n. Ezek a k\u00e9szs\u00e9gek n\u00e9lk\u00fcl\u00f6zhetetlenek a gazdas\u00e1gi kutat\u00e1sban \u00e9s d\u00f6nt\u00e9shozatalban. Mi megmutatjuk, hogyan kell szakmailag megalapozott kutat\u00e1st v\u00e9gezni, \u00e9s hogyan lehet az eredm\u00e9nyeket \u00e9rthet\u0151en prezent\u00e1lni.<\/p>\n\n\n\n<p>Mindez, hatalmas seg\u00edts\u00e9g lesz majd a szakdolgozatod meg\u00edr\u00e1s\u00e1ban is! Sz\u00f3val, ha sz\u00edvesen dolgozn\u00e1l egy olyan k\u00f6z\u00f6ss\u00e9gben, ahol az \u00f6tletek nem csak besz\u00e9lget\u00e9s t\u00e1rgyai, hanem val\u00f3s projektekk\u00e9 is v\u00e1lnak, akkor k\u00f6zt\u00fcnk a helyed!<\/p>\n\n\n\n<p><strong>Ami r\u00e1d v\u00e1r a Kutat\u00f3 Klubn\u00e1l:<\/strong><br>\u2022 Szakmai k\u00e9pz\u00e9sek<br>\u2022 Csapat\u00e9p\u00edt\u0151 esem\u00e9nyek, t\u00e1borok, j\u00f3 t\u00e1rsas\u00e1g<br>\u2022 Konferenci\u00e1k, versenyek<\/p>\n\n\n\n<p><strong>Hogyan zajlik a felv\u00e9teli?<\/strong><br>\u2022 A jelentkez\u00e9shez k\u00fcldd el Europass form\u00e1tum\u00fa \u00f6n\u00e9letrajzodat (szeptember 16 \u00e9jf\u00e9lig)!<br>\u2022 Minimum egy oldal, maximum k\u00e9t oldal terjedelemben (+ mell\u00e9kletek) az al\u00e1bbi t\u00e9m\u00e1k egyik\u00e9r\u0151l k\u00e9sz\u00edts egy besz\u00e1mol\u00f3t!<br>\u2022 Szeptember 18-\u00e1n vegy\u00e9l r\u00e9szt egy online (Zoom) szakmai interj\u00fan!<\/p>\n\n\n\n<p><strong>A t\u00e9m\u00e1k:<\/strong><br>\u2022 Hogyan alakulhat a k\u00f6lts\u00e9gvet\u00e9si hi\u00e1ny Rom\u00e1ni\u00e1ban 2025-ben, \u00e9s mely t\u00e9nyez\u0151k hat\u00e1rozz\u00e1k meg legink\u00e1bb?<br>\u2022 A kriptoeszk\u00f6z\u00f6k szab\u00e1lyoz\u00e1s\u00e1nak j\u00f6v\u0151je Rom\u00e1ni\u00e1ban \u00e9s az EU-ban<br>\u2022 Ukrajna \u00fajj\u00e1\u00e9p\u00edt\u00e9s\u00e9nek potenci\u00e1lis nyertesei \u00e9s vesztesei<br>\u2022 Rom\u00e1nia energiabiztons\u00e1ga a geopolitikai kih\u00edv\u00e1sok t\u00fckr\u00e9ben<br>\u2022 A mesters\u00e9ges intelligencia hat\u00e1sa a munkaer\u0151piacra Rom\u00e1ni\u00e1ban<br>\u2022 A glob\u00e1lis ell\u00e1t\u00e1si l\u00e1ncok zavarainak hat\u00e1sa a rom\u00e1n gazdas\u00e1gra<br>\u2022 Az Amerikai Egyes\u00fclt \u00c1llamok \u00e1ltal bevezetett v\u00e1mtarif\u00e1k hat\u00e1sa a rom\u00e1n gazdas\u00e1gra<br>\u2022 A rom\u00e1niai kkv-k digitaliz\u00e1ci\u00f3s kih\u00edv\u00e1sai \u00e9s lehet\u0151s\u00e9gei<\/p>\n\n\n\n<p><strong>Fontos! <\/strong>A v\u00e1laszok kidolgoz\u00e1sakor tartsd szem el\u0151tt, hogy adatalap\u00fa, sz\u00e1mokkal al\u00e1t\u00e1masztott \u00e9rvel\u00e9seket v\u00e1runk!<\/p>\n\n\n\n<p>A besz\u00e1mol\u00f3t \u00e9s az \u00f6n\u00e9letrajzodat az <a href=\"mailto:office@kutatoklub.ro\">office@kutatoklub.ro<\/a> e-mail c\u00edmre v\u00e1rjuk.<\/p>\n","protected":false},"excerpt":{"rendered":"<p>Ha a K\u00f6zg\u00e1z m\u00e1sod\u00e9ves, harmad\u00e9ves vagy mesteris hallgat\u00f3ja leszel a 2025\/2026-os tan\u00e9vben, \u00e9s \u00e9rdekel a kutat\u00e1s vil\u00e1ga, akkor itt az alkalom: jelentkezz a kolozsv\u00e1ri K\u00f6zgazdas\u00e1gi Kutat\u00f3 Klubba! Az adat a j\u00f6v\u0151 valut\u00e1ja \u2013 n\u00e1lunk megtanulod, hogyan lehet \u201eokosan befektetni\u201d benne. N\u00e1lunk gyakorlati tud\u00e1sra teszel szert az adatgy\u0171jt\u00e9s, -tiszt\u00edt\u00e1s, \u00e9s -elemz\u00e9s ter\u00e9n. Ezek a k\u00e9szs\u00e9gek n\u00e9lk\u00fcl\u00f6zhetetlenek [&hellip;]<\/p>\n","protected":false},"author":1,"featured_media":0,"parent":0,"menu_order":0,"comment_status":"closed","ping_status":"closed","template":"","meta":{"footnotes":""},"_links":{"self":[{"href":"https:\/\/kutatoklub.ro\/index.php?rest_route=\/wp\/v2\/pages\/71"}],"collection":[{"href":"https:\/\/kutatoklub.ro\/index.php?rest_route=\/wp\/v2\/pages"}],"about":[{"href":"https:\/\/kutatoklub.ro\/index.php?rest_route=\/wp\/v2\/types\/page"}],"author":[{"embeddable":true,"href":"https:\/\/kutatoklub.ro\/index.php?rest_route=\/wp\/v2\/users\/1"}],"replies":[{"embeddable":true,"href":"https:\/\/kutatoklub.ro\/index.php?rest_route=%2Fwp%2Fv2%2Fcomments&post=71"}],"version-history":[{"count":10,"href":"https:\/\/kutatoklub.ro\/index.php?rest_route=\/wp\/v2\/pages\/71\/revisions"}],"predecessor-version":[{"id":590,"href":"https:\/\/kutatoklub.ro\/index.php?rest_route=\/wp\/v2\/pages\/71\/revisions\/590"}],"wp:attachment":[{"href":"https:\/\/kutatoklub.ro\/index.php?rest_route=%2Fwp%2Fv2%2Fmedia&parent=71"}],"curies":[{"name":"wp","href":"https:\/\/api.w.org\/{rel}","templated":true}]}}