{"id":96,"date":"2024-04-03T23:00:07","date_gmt":"2024-04-03T22:00:07","guid":{"rendered":"https:\/\/kutatoklub.ro\/?page_id=96"},"modified":"2025-05-24T21:12:32","modified_gmt":"2025-05-24T18:12:32","slug":"home","status":"publish","type":"page","link":"https:\/\/kutatoklub.ro\/","title":{"rendered":"Kutass, fedezz fel, v\u00e1ltoztass!"},"content":{"rendered":"\n<p class=\"has-text-align-center\">A K\u00f6zgazdas\u00e1gi Kutat\u00f3 Klub c\u00e9lja, hogy t\u00e1mogat\u00f3 szakmai k\u00f6z\u00f6ss\u00e9get biztos\u00edtson a hallgat\u00f3k sz\u00e1m\u00e1ra a gazdas\u00e1gi kutat\u00e1sok m\u00f3dszertan\u00e1nak elsaj\u00e1t\u00edt\u00e1s\u00e1hoz. Az R \u00e9s Python programoz\u00e1si nyelvek seg\u00edts\u00e9g\u00e9vel k\u00fcl\u00f6nb\u00f6z\u0151 gazdas\u00e1gi jelens\u00e9geket elemz\u00fcnk \u00e9s magyar\u00e1zunk. Klubunk tagjai elt\u00e9r\u0151 h\u00e1tt\u00e9rrel \u00e9rkeznek, de k\u00f6z\u00f6s benn\u00fck a k\u00f6zgazdas\u00e1gtan ir\u00e1nti \u00e9rdekl\u0151d\u00e9s \u00e9s az elm\u00e9ly\u00fclt gondolkod\u00e1s ig\u00e9nye. A klubhoz csatlakozva nemcsak korszer\u0171 kutat\u00e1si eszk\u00f6z\u00f6ket \u00e9s m\u00f3dszereket ismerhetsz meg, hanem inspir\u00e1l\u00f3 k\u00f6zegben dolgozhatsz \u00e9s \u00e9p\u00edtheted szakmai kapcsolataidat.<\/p>\n\n\n\n<div style=\"height:30px\" aria-hidden=\"true\" class=\"wp-block-spacer\"><\/div>\n\n\n\n<h1 class=\"wp-block-heading has-text-align-center has-black-color has-text-color has-link-color wp-elements-62e46e65046513e7af983ea79e190f4f\"><strong>Kiemelked\u0151 eredm\u00e9nyek<\/strong><\/h1>\n\n\n\n<div style=\"height:46px\" aria-hidden=\"true\" class=\"wp-block-spacer\"><\/div>\n\n\n\n<div class=\"wp-block-media-text is-stacked-on-mobile is-vertically-aligned-center is-image-fill\" style=\"grid-template-columns:40% auto\"><figure class=\"wp-block-media-text__media\" style=\"background-image:url(http:\/\/kutatoklub.ro\/wp-content\/uploads\/2025\/05\/ETDK2025.jpg);background-position:19% 40%\"><img loading=\"lazy\" decoding=\"async\" width=\"1007\" height=\"591\" src=\"http:\/\/kutatoklub.ro\/wp-content\/uploads\/2025\/05\/ETDK2025.jpg\" alt=\"\" class=\"wp-image-574 size-full\" srcset=\"https:\/\/kutatoklub.ro\/wp-content\/uploads\/2025\/05\/ETDK2025.jpg 1007w, https:\/\/kutatoklub.ro\/wp-content\/uploads\/2025\/05\/ETDK2025-300x176.jpg 300w, https:\/\/kutatoklub.ro\/wp-content\/uploads\/2025\/05\/ETDK2025-768x451.jpg 768w\" sizes=\"(max-width: 1007px) 100vw, 1007px\" \/><\/figure><div class=\"wp-block-media-text__content\">\n<div style=\"height:15px\" aria-hidden=\"true\" class=\"wp-block-spacer\"><\/div>\n\n\n\n<h2 class=\"wp-block-heading has-text-color\" style=\"color:#000000;font-size:32px\"><strong>ETDK &#8211; 2025<\/strong><\/h2>\n\n\n\n<p style=\"font-size:17px\">A Kutat\u00f3 Klub tagjai els\u0151 helyez\u00e9st \u00e9rtek el a 2025-\u00f6s Erd\u00e9lyi Tudom\u00e1nyos Di\u00e1kk\u00f6ri Konferenci\u00e1n, a \u201eRakt\u00e1roz\u00e1si folyamatok optimaliz\u00e1l\u00e1sa \u00e9s hat\u00e9konys\u00e1gn\u00f6vel\u00e9s egy v\u00e1llalati esettanulm\u00e1ny alapj\u00e1n\u201d c\u00edm\u0171 dolgozatukat.<\/p>\n\n\n\n<div class=\"wp-block-buttons is-layout-flex wp-block-buttons-is-layout-flex\">\n<div class=\"wp-block-button is-style-fill\"><a class=\"wp-block-button__link wp-element-button\" href=\"https:\/\/kutatoklub.ro\/?p=569\" target=\"_blank\" rel=\"noreferrer noopener\">ToV\u00c1BBI R\u00c9Szletek<\/a><\/div>\n<\/div>\n<\/div><\/div>\n\n\n\n<div style=\"height:50px\" aria-hidden=\"true\" class=\"wp-block-spacer\"><\/div>\n\n\n\n<div class=\"wp-block-media-text is-stacked-on-mobile is-vertically-aligned-center is-image-fill\" style=\"grid-template-columns:40% auto\"><figure class=\"wp-block-media-text__media\" style=\"background-image:url(http:\/\/kutatoklub.ro\/wp-content\/uploads\/2025\/05\/Edina2-1-768x1024.jpeg);background-position:50% 25%\"><img loading=\"lazy\" decoding=\"async\" width=\"768\" height=\"1024\" src=\"http:\/\/kutatoklub.ro\/wp-content\/uploads\/2025\/05\/Edina2-1-768x1024.jpeg\" alt=\"\" class=\"wp-image-506 size-full\" srcset=\"https:\/\/kutatoklub.ro\/wp-content\/uploads\/2025\/05\/Edina2-1-768x1024.jpeg 768w, https:\/\/kutatoklub.ro\/wp-content\/uploads\/2025\/05\/Edina2-1-225x300.jpeg 225w, https:\/\/kutatoklub.ro\/wp-content\/uploads\/2025\/05\/Edina2-1-1152x1536.jpeg 1152w, https:\/\/kutatoklub.ro\/wp-content\/uploads\/2025\/05\/Edina2-1.jpeg 1200w\" sizes=\"(max-width: 768px) 100vw, 768px\" \/><\/figure><div class=\"wp-block-media-text__content\">\n<div style=\"height:15px\" aria-hidden=\"true\" class=\"wp-block-spacer\"><\/div>\n\n\n\n<h2 class=\"wp-block-heading has-text-color\" style=\"color:#000000;font-size:32px\"><strong>OTDK &#8211; 2025<\/strong><\/h2>\n\n\n\n<p style=\"font-size:17px\">Kov\u00e1cs Edina els\u0151 helyez\u00e9st \u00e9rt el az 37. Orsz\u00e1gos Tudom\u00e1nyos Di\u00e1kk\u00f6ri Konferencia k\u00f6zgazdas\u00e1gtudom\u00e1nyi szekci\u00f3j\u00e1n. Dolgozata \u2013 A kriptovalut\u00e1k hozam\u00e1t befoly\u00e1sol\u00f3 t\u00e9nyez\u0151k \u2013 egy izgalmas p\u00e9nz\u00fcgyi t\u00e9m\u00e1t dolgozott fel, amit alapos elemz\u00e9ssel \u00e9s magabiztos el\u0151ad\u00e1ssal vitt sz\u00ednpadra.<\/p>\n\n\n\n<div class=\"wp-block-buttons is-layout-flex wp-block-buttons-is-layout-flex\">\n<div class=\"wp-block-button is-style-fill\"><a class=\"wp-block-button__link wp-element-button\" href=\"https:\/\/kutatoklub.ro\/?p=563\" target=\"_blank\" rel=\"noreferrer noopener\">ToV\u00c1BBI R\u00c9Szletek<\/a><\/div>\n<\/div>\n<\/div><\/div>\n\n\n\n<div style=\"height:50px\" aria-hidden=\"true\" class=\"wp-block-spacer\"><\/div>\n\n\n\n<div class=\"wp-block-media-text is-stacked-on-mobile is-vertically-aligned-center is-image-fill\" style=\"grid-template-columns:40% auto\"><figure class=\"wp-block-media-text__media\" style=\"background-image:url(http:\/\/kutatoklub.ro\/wp-content\/uploads\/2025\/05\/OPEV-819x1024.jpg);background-position:52% 26%\"><img loading=\"lazy\" decoding=\"async\" width=\"819\" height=\"1024\" src=\"http:\/\/kutatoklub.ro\/wp-content\/uploads\/2025\/05\/OPEV-819x1024.jpg\" alt=\"\" class=\"wp-image-504 size-full\" srcset=\"https:\/\/kutatoklub.ro\/wp-content\/uploads\/2025\/05\/OPEV-819x1024.jpg 819w, https:\/\/kutatoklub.ro\/wp-content\/uploads\/2025\/05\/OPEV-240x300.jpg 240w, https:\/\/kutatoklub.ro\/wp-content\/uploads\/2025\/05\/OPEV-768x960.jpg 768w, https:\/\/kutatoklub.ro\/wp-content\/uploads\/2025\/05\/OPEV.jpg 1080w\" sizes=\"(max-width: 819px) 100vw, 819px\" \/><\/figure><div class=\"wp-block-media-text__content\">\n<div style=\"height:15px\" aria-hidden=\"true\" class=\"wp-block-spacer\"><\/div>\n\n\n\n<h2 class=\"wp-block-heading has-text-color\" style=\"color:#000000;font-size:32px\"><strong>OPEV &#8211; 2025<\/strong><\/h2>\n\n\n\n<p style=\"font-size:17px\">K\u00fcl\u00f6nd\u00edjjal z\u00e1rta a kutat\u00f3 klubot k\u00e9pvisel\u0151 csapat a XXIII. Orsz\u00e1gos P\u00e9nz\u00fcgyi Esettanulm\u00e1nyi Versenyt. Az esettanulm\u00e1nyt a Kardirex Eg\u00e9szs\u00e9g\u00fcgyi K\u00f6zpont adta, a csapatok feladata pedig a v\u00e1llalat p\u00e9nz\u00fcgyi helyzet\u00e9nek elemz\u00e9se \u00e9s egy \u00e1tfog\u00f3 marketingstrat\u00e9gia kidolgoz\u00e1sa volt.<\/p>\n\n\n\n<div class=\"wp-block-buttons is-layout-flex wp-block-buttons-is-layout-flex\">\n<div class=\"wp-block-button is-style-fill\"><a class=\"wp-block-button__link wp-element-button\" href=\"https:\/\/kutatoklub.ro\/?p=555\" target=\"_blank\" rel=\"noreferrer noopener\">ToV\u00c1BBI R\u00c9Szletek<\/a><\/div>\n<\/div>\n<\/div><\/div>\n\n\n\n<div style=\"height:50px\" aria-hidden=\"true\" class=\"wp-block-spacer\"><\/div>\n\n\n\n<div class=\"wp-block-media-text is-stacked-on-mobile is-vertically-aligned-center is-image-fill\" style=\"grid-template-columns:40% auto\"><figure class=\"wp-block-media-text__media\" style=\"background-image:url(http:\/\/kutatoklub.ro\/wp-content\/uploads\/2025\/05\/Gabor-819x1024.jpg);background-position:57% 17%\"><img loading=\"lazy\" decoding=\"async\" width=\"819\" height=\"1024\" src=\"http:\/\/kutatoklub.ro\/wp-content\/uploads\/2025\/05\/Gabor-819x1024.jpg\" alt=\"\" class=\"wp-image-503 size-full\" srcset=\"https:\/\/kutatoklub.ro\/wp-content\/uploads\/2025\/05\/Gabor-819x1024.jpg 819w, https:\/\/kutatoklub.ro\/wp-content\/uploads\/2025\/05\/Gabor-240x300.jpg 240w, https:\/\/kutatoklub.ro\/wp-content\/uploads\/2025\/05\/Gabor-768x960.jpg 768w, https:\/\/kutatoklub.ro\/wp-content\/uploads\/2025\/05\/Gabor.jpg 1080w\" sizes=\"(max-width: 819px) 100vw, 819px\" \/><\/figure><div class=\"wp-block-media-text__content\">\n<div style=\"height:15px\" aria-hidden=\"true\" class=\"wp-block-spacer\"><\/div>\n\n\n\n<h2 class=\"wp-block-heading has-text-color\" style=\"color:#000000;font-size:32px\"><strong>EUREKA &#8211; 2025<\/strong><\/h2>\n\n\n\n<p style=\"font-size:17px\">G\u00e1bor nyerte el az Eureka v\u00e1llalkoz\u00f3i \u00f6szt\u00f6nd\u00edjat, mely nem csup\u00e1n p\u00e9nz\u00fcgyi t\u00e1mogat\u00e1st jelent, hanem egy egyed\u00fcl\u00e1ll\u00f3 lehet\u0151s\u00e9get is, hiszen G\u00e1bor egy teljes h\u00f3napon \u00e1t egy tapasztalt v\u00e1llalkoz\u00f3 mellett tanulhat \u00e9s fejl\u0151dhet a shadowing program keret\u00e9ben.<\/p>\n\n\n\n<div class=\"wp-block-buttons is-layout-flex wp-block-buttons-is-layout-flex\">\n<div class=\"wp-block-button is-style-fill\"><a class=\"wp-block-button__link wp-element-button\" href=\"https:\/\/kutatoklub.ro\/?p=553\" target=\"_blank\" rel=\"noreferrer noopener\">ToV\u00c1BBI R\u00c9Szletek<\/a><\/div>\n<\/div>\n<\/div><\/div>\n\n\n\n<div style=\"height:50px\" aria-hidden=\"true\" class=\"wp-block-spacer\"><\/div>\n\n\n\n<div class=\"wp-block-media-text is-stacked-on-mobile is-vertically-aligned-center is-image-fill\" style=\"grid-template-columns:40% auto\"><figure class=\"wp-block-media-text__media\" style=\"background-image:url(http:\/\/kutatoklub.ro\/wp-content\/uploads\/2025\/05\/Edina-1024x1024.jpg);background-position:60% 33%\"><img loading=\"lazy\" decoding=\"async\" width=\"1024\" height=\"1024\" src=\"http:\/\/kutatoklub.ro\/wp-content\/uploads\/2025\/05\/Edina-1024x1024.jpg\" alt=\"\" class=\"wp-image-501 size-full\" srcset=\"https:\/\/kutatoklub.ro\/wp-content\/uploads\/2025\/05\/Edina-1024x1024.jpg 1024w, https:\/\/kutatoklub.ro\/wp-content\/uploads\/2025\/05\/Edina-300x300.jpg 300w, https:\/\/kutatoklub.ro\/wp-content\/uploads\/2025\/05\/Edina-150x150.jpg 150w, https:\/\/kutatoklub.ro\/wp-content\/uploads\/2025\/05\/Edina-768x768.jpg 768w, https:\/\/kutatoklub.ro\/wp-content\/uploads\/2025\/05\/Edina-100x100.jpg 100w, https:\/\/kutatoklub.ro\/wp-content\/uploads\/2025\/05\/Edina.jpg 1080w\" sizes=\"(max-width: 1024px) 100vw, 1024px\" \/><\/figure><div class=\"wp-block-media-text__content\">\n<div style=\"height:15px\" aria-hidden=\"true\" class=\"wp-block-spacer\"><\/div>\n\n\n\n<h2 class=\"wp-block-heading has-text-color\" style=\"color:#000000;font-size:32px\"><strong>ELTE \u00f6szt\u00f6nd\u00edj<\/strong> &#8211; <strong>2024<\/strong><\/h2>\n\n\n\n<p style=\"font-size:17px\">Edina nyerte el az ELTE \u00e9s a M\u00e1rton \u00c1ron Szakkoll\u00e9gium \u00f6szt\u00f6nd\u00edj\u00e1t, melynek c\u00e9lja a k\u00fclhoni magyar hallgat\u00f3k tehets\u00e9ggondoz\u00e1sa, \u00edgy Edina az \u00f6szt\u00f6nd\u00edj mellett, r\u00e9szt vehet k\u00fcl\u00f6nb\u00f6z\u0151 szakmai m\u0171helyeken \u00e9s kutat\u00f3munk\u00e1kban, \u00edgy \u00e9p\u00edtve tov\u00e1bb tudom\u00e1nyos karrierj\u00e9t.<\/p>\n\n\n\n<div class=\"wp-block-buttons is-layout-flex wp-block-buttons-is-layout-flex\">\n<div class=\"wp-block-button is-style-fill\"><a class=\"wp-block-button__link wp-element-button\" href=\"https:\/\/kutatoklub.ro\/?p=542\" target=\"_blank\" rel=\"noreferrer noopener\">ToV\u00c1BBI R\u00c9Szletek<\/a><\/div>\n<\/div>\n<\/div><\/div>\n\n\n\n<div style=\"height:50px\" aria-hidden=\"true\" class=\"wp-block-spacer\"><\/div>\n\n\n\n<div class=\"wp-block-media-text is-stacked-on-mobile is-vertically-aligned-center is-image-fill\" style=\"grid-template-columns:40% auto\"><figure class=\"wp-block-media-text__media\" style=\"background-image:url(http:\/\/kutatoklub.ro\/wp-content\/uploads\/2024\/05\/ETDK_square.jpg);background-position:54% 34%\"><img loading=\"lazy\" decoding=\"async\" width=\"1200\" height=\"1200\" src=\"http:\/\/kutatoklub.ro\/wp-content\/uploads\/2024\/05\/ETDK_square.jpg\" alt=\"\" class=\"wp-image-235 size-full\"\/><\/figure><div class=\"wp-block-media-text__content\">\n<div style=\"height:15px\" aria-hidden=\"true\" class=\"wp-block-spacer\"><\/div>\n\n\n\n<div class=\"wp-block-group\"><div class=\"wp-block-group__inner-container is-layout-constrained wp-block-group-is-layout-constrained\">\n<h2 class=\"wp-block-heading has-text-color\" style=\"color:#000000;font-size:32px\"><strong>ETDK &#8211; 2024<\/strong><\/h2>\n<\/div><\/div>\n\n\n\n<p style=\"font-size:17px\">A kutat\u00f3klub tagjai eredm\u00e9nyesen z\u00e1rt\u00e1k a XXVII. Erd\u00e9lyi Tudom\u00e1nyos Di\u00e1kk\u00f6ri Konferenci\u00e1t. A n\u00e9gy r\u00e9sztvev\u0151 (Antal Andr\u00e1s, Kov\u00e1cs Edina, Oborocea M\u00f3nika, Szil\u00e1gy-Nagy Z\u00e9t\u00e9ny) k\u00e9t els\u0151 helyz\u00e9st, egy m\u00e1sodik \u00e9s egy harmadik d\u00edjat szerzett!<\/p>\n\n\n\n<div class=\"wp-block-buttons is-layout-flex wp-block-buttons-is-layout-flex\">\n<div class=\"wp-block-button is-style-fill\"><a class=\"wp-block-button__link wp-element-button\" href=\"https:\/\/kutatoklub.ro\/?p=214\" target=\"_blank\" rel=\"noreferrer noopener\">ToV\u00c1BBI R\u00c9Szletek<\/a><\/div>\n<\/div>\n<\/div><\/div>\n\n\n\n<div style=\"height:50px\" aria-hidden=\"true\" class=\"wp-block-spacer\"><\/div>\n\n\n\n<div class=\"wp-block-media-text is-stacked-on-mobile is-vertically-aligned-center is-image-fill\" style=\"grid-template-columns:40% auto\"><figure class=\"wp-block-media-text__media\" style=\"background-image:url(http:\/\/kutatoklub.ro\/wp-content\/uploads\/2024\/05\/KEEV_square.jpg);background-position:51% 30%\"><img loading=\"lazy\" decoding=\"async\" width=\"1200\" height=\"1200\" src=\"http:\/\/kutatoklub.ro\/wp-content\/uploads\/2024\/05\/KEEV_square.jpg\" alt=\"\" class=\"wp-image-204 size-full\"\/><\/figure><div class=\"wp-block-media-text__content\">\n<div style=\"height:15px\" aria-hidden=\"true\" class=\"wp-block-spacer\"><\/div>\n\n\n\n<h2 class=\"wp-block-heading has-text-color\" style=\"color:#000000;font-size:32px\"><strong>KEEV &#8211; 2024<\/strong><\/h2>\n\n\n\n<p style=\"font-size:17px\">Ott voltunk a XVI. Kolozsv\u00e1ri Egyetemista Esettanulm\u00e1ny Versenyen. A 15 regisztr\u00e1lt 4 f\u0151s csapatnak a Goodwill c\u00e9gcsoport kih\u00edv\u00e1saira kellett megold\u00e1si javaslatot kidolgoznia. A kutat\u00f3klub tagjainak javaslata bizonyult a m\u00e1sodik legjobbnak!<\/p>\n\n\n\n<div class=\"wp-block-buttons is-layout-flex wp-block-buttons-is-layout-flex\">\n<div class=\"wp-block-button is-style-fill\"><a class=\"wp-block-button__link wp-element-button\" href=\"https:\/\/kutatoklub.ro\/?p=221\" target=\"_blank\" rel=\"noreferrer noopener\">ToV\u00c1BBI R\u00c9Szletek<\/a><\/div>\n<\/div>\n<\/div><\/div>\n","protected":false},"excerpt":{"rendered":"<p>A K\u00f6zgazdas\u00e1gi Kutat\u00f3 Klub c\u00e9lja, hogy t\u00e1mogat\u00f3 szakmai k\u00f6z\u00f6ss\u00e9get biztos\u00edtson a hallgat\u00f3k sz\u00e1m\u00e1ra a gazdas\u00e1gi kutat\u00e1sok m\u00f3dszertan\u00e1nak elsaj\u00e1t\u00edt\u00e1s\u00e1hoz. Az R \u00e9s Python programoz\u00e1si nyelvek seg\u00edts\u00e9g\u00e9vel k\u00fcl\u00f6nb\u00f6z\u0151 gazdas\u00e1gi jelens\u00e9geket elemz\u00fcnk \u00e9s magyar\u00e1zunk. Klubunk tagjai elt\u00e9r\u0151 h\u00e1tt\u00e9rrel \u00e9rkeznek, de k\u00f6z\u00f6s benn\u00fck a k\u00f6zgazdas\u00e1gtan ir\u00e1nti \u00e9rdekl\u0151d\u00e9s \u00e9s az elm\u00e9ly\u00fclt gondolkod\u00e1s ig\u00e9nye. A klubhoz csatlakozva nemcsak korszer\u0171 kutat\u00e1si eszk\u00f6z\u00f6ket [&hellip;]<\/p>\n","protected":false},"author":1,"featured_media":0,"parent":0,"menu_order":0,"comment_status":"closed","ping_status":"closed","template":"page-template\/right-sidebar.php","meta":{"footnotes":""},"_links":{"self":[{"href":"https:\/\/kutatoklub.ro\/index.php?rest_route=\/wp\/v2\/pages\/96"}],"collection":[{"href":"https:\/\/kutatoklub.ro\/index.php?rest_route=\/wp\/v2\/pages"}],"about":[{"href":"https:\/\/kutatoklub.ro\/index.php?rest_route=\/wp\/v2\/types\/page"}],"author":[{"embeddable":true,"href":"https:\/\/kutatoklub.ro\/index.php?rest_route=\/wp\/v2\/users\/1"}],"replies":[{"embeddable":true,"href":"https:\/\/kutatoklub.ro\/index.php?rest_route=%2Fwp%2Fv2%2Fcomments&post=96"}],"version-history":[{"count":48,"href":"https:\/\/kutatoklub.ro\/index.php?rest_route=\/wp\/v2\/pages\/96\/revisions"}],"predecessor-version":[{"id":587,"href":"https:\/\/kutatoklub.ro\/index.php?rest_route=\/wp\/v2\/pages\/96\/revisions\/587"}],"wp:attachment":[{"href":"https:\/\/kutatoklub.ro\/index.php?rest_route=%2Fwp%2Fv2%2Fmedia&parent=96"}],"curies":[{"name":"wp","href":"https:\/\/api.w.org\/{rel}","templated":true}]}}